{"id":25,"date":"2019-06-10T11:56:11","date_gmt":"2019-06-10T11:56:11","guid":{"rendered":"http:\/\/www.mbcrm-bamberg.de\/?page_id=25"},"modified":"2019-06-10T13:35:34","modified_gmt":"2019-06-10T13:35:34","slug":"impressum","status":"publish","type":"page","link":"http:\/\/www.mbcrm-bamberg.de\/?page_id=25","title":{"rendered":"Impressum"},"content":{"rendered":"\n<p>Der Motorbootclub Regnitz Main e.V bem\u00fcht sich im Rahmen des M\u00f6glichen, auf dieser  Website richtige und vollst\u00e4ndige Informationen zur Verf\u00fcgung zu  stellen.<br><\/p>\n\n\n\n<p>Der   Motorbootclub Regnitz Main e.V \u00fcbernimmt jedoch keine Haftung oder Garantie f\u00fcr die  Aktualit\u00e4t, Richtigkeit und Vollst\u00e4ndigkeit der auf dieser Website  bereitgestellten Informationen.<br><\/p>\n\n\n\n<p>Motorbootclub Regnitz Main e.V <br>96049 Bamberg<br>Heinrich-Semlinger-Str. ( Schwarze Br\u00fccke )<br>Main-Donau-Kanal, bei KM 2,500 <br>Koordinaten: 49.905821 , 10.862118 <\/p>\n\n\n\n<p><br><br><\/p>\n\n\n\n<p>1.Vorstand:&nbsp;<br><\/p>\n\n\n\n<p>Wilhelm Lurz<br>Mutzershof 12<br>96135 Stegaurach &#8211; Debring<br>E-mail: <a href=\"mailto:info@mbcrm-bamberg.de\">info@mbcrm-bamberg.de<\/a><br><\/p>\n\n\n\n<p>Vereinsregister-Nr.: <br>Gerichtsstand:&nbsp; Amtsgericht Bamberg<br><\/p>\n\n\n\n<p>Webmaster:&nbsp;<br><\/p>\n\n\n\n<p>Matthias Weis<br>Martin &#8211; Hofmann -Str. 7<br>96120 Bischberg<br>Email: info@mbcrm-bamberg.de<\/p>\n\n\n\n<p><br><br><br>Noch ein wichtiger Hinweis:<br>Das  Landgericht Hamburg hat mit dem Urteil vom 12.05.98 entschieden, da\u00df  man durch die Ausbringung eines Links die Inhalte der gelinkten Seite  ggf. mit zu verantworten hat. Dies kann man laut Landgericht nur dadurch  verhindern, da\u00df man sich ausdr\u00fccklich von diesen Inhalten distanziert.  Also: F\u00fcr alle Links dieses Webangebots und seiner Unterseiten gilt:  &#8222;Wir haben keinerlei Einflu\u00df auf die Gestaltung und die Inhalte der  gelinkten Seiten. Deshalb distanzieren wir uns hiermit ausdr\u00fccklich von  allen Inhalten aller gelinkter (Text, Banner&#8230;) Seiten.&#8220;<br><\/p>\n\n\n\n<p>Haftungsausschluss<br><\/p>\n\n\n\n<p>Haftung f\u00fcr Inhalte<br><\/p>\n\n\n\n<p>Die \nInhalte unserer Seiten wurden mit gr\u00f6\u00dfter Sorgfalt erstellt. F\u00fcr die \nRichtigkeit, Vollst\u00e4ndigkeit und Aktualit\u00e4t der Inhalte k\u00f6nnen wir \njedoch keine Gew\u00e4hr \u00fcbernehmen.<br>Als Diensteanbieter sind wir gem\u00e4\u00df \u00a7 6\n Abs.1 MDStV und \u00a7 8 Abs.1 TDG f\u00fcr eigene Inhalte auf diesen Seiten nach\n den allgemeinen Gesetzen verantwortlich. Diensteanbieter sind jedoch \nnicht verpflichtet, die von ihnen \u00fcbermittelten oder gespeicherten \nfremden Informationen zu \u00fcberwachen oder nach Umst\u00e4nden zu forschen, die\n auf eine rechtswidrige T\u00e4tigkeit hinweisen. Verpflichtungen zur \nEntfernung oder Sperrung der Nutzung von Informationen nach den \nallgemeinen Gesetzen bleiben hiervon unber\u00fchrt. Eine diesbez\u00fcgliche \nHaftung ist jedoch erst ab dem Zeitpunkt der Kenntnis einer konkreten \nRechtsverletzung m\u00f6glich. Bei bekannt werden von entsprechenden \nRechtsverletzungen werden wir diese Inhalte umgehend entfernen.<br><br><\/p>\n\n\n\n<p>Haftung f\u00fcr Links<br><\/p>\n\n\n\n<p>Unser\n Angebot enth\u00e4lt Links zu externen Webseiten Dritter, auf deren Inhalte \nwir keinen Einfluss haben. Deshalb k\u00f6nnen wir f\u00fcr diese fremden Inhalte \nauch keine Gew\u00e4hr \u00fcbernehmen. F\u00fcr die Inhalte der verlinkten Seiten ist \nstets der jeweilige Anbieter oder Betreiber der Seiten verantwortlich. \nDie verlinkten Seiten wurden zum Zeitpunkt der Verlinkung auf m\u00f6gliche \nRechtsverst\u00f6\u00dfe \u00fcberpr\u00fcft. Rechtswidrige Inhalte waren zum Zeitpunkt der \nVerlinkung nicht erkennbar. Eine permanente inhaltliche Kontrolle der \nverlinkten Seiten ist jedoch ohne konkrete Anhaltspunkte einer \nRechtsverletzung nicht zumutbar. Bei bekannt werden von \nRechtsverletzungen werden wir derartige Links umgehend entfernen.<br><br><\/p>\n\n\n\n<p>Urheberrecht<br><\/p>\n\n\n\n<p>Die \nBetreiber der Seiten sind bem\u00fcht, stets die Urheberrechte anderer zu \nbeachten bzw. auf selbst erstellte sowie lizenzfreie Werke \nzur\u00fcckzugreifen.<br>Die durch die Seitenbetreiber erstellten Inhalte und\n Werke auf diesen Seiten unterliegen dem deutschen Urheberrecht. \nBeitr\u00e4ge Dritter sind als solche gekennzeichnet. Die Vervielf\u00e4ltigung, \nBearbeitung, Verbreitung und jede Art der Verwertung au\u00dferhalb der \nGrenzen des Urheberrechtes bed\u00fcrfen der schriftlichen Zustimmung des \njeweiligen Autors bzw. Erstellers. Downloads und Kopien dieser Seite \nsind nur f\u00fcr den privaten, nicht kommerziellen Gebrauch gestattet.<br><br><\/p>\n","protected":false},"excerpt":{"rendered":"<p>Der Motorbootclub Regnitz Main e.V bem\u00fcht sich im Rahmen des M\u00f6glichen, auf dieser Website richtige und vollst\u00e4ndige Informationen zur Verf\u00fcgung zu stellen. Der Motorbootclub Regnitz Main e.V \u00fcbernimmt jedoch keine Haftung oder Garantie f\u00fcr die Aktualit\u00e4t, Richtigkeit und Vollst\u00e4ndigkeit der auf dieser Website bereitgestellten Informationen. Motorbootclub Regnitz Main e.V 96049 BambergHeinrich-Semlinger-Str. ( Schwarze Br\u00fccke )Main-Donau-Kanal, &hellip; <\/p>\n<p class=\"link-more\"><a href=\"http:\/\/www.mbcrm-bamberg.de\/?page_id=25\" class=\"more-link\"><span class=\"screen-reader-text\">\u201eImpressum\u201c<\/span> weiterlesen<\/a><\/p>\n","protected":false},"author":1,"featured_media":0,"parent":0,"menu_order":0,"comment_status":"closed","ping_status":"closed","template":"","meta":{"footnotes":""},"class_list":["post-25","page","type-page","status-publish","hentry"],"_links":{"self":[{"href":"http:\/\/www.mbcrm-bamberg.de\/index.php?rest_route=\/wp\/v2\/pages\/25","targetHints":{"allow":["GET"]}}],"collection":[{"href":"http:\/\/www.mbcrm-bamberg.de\/index.php?rest_route=\/wp\/v2\/pages"}],"about":[{"href":"http:\/\/www.mbcrm-bamberg.de\/index.php?rest_route=\/wp\/v2\/types\/page"}],"author":[{"embeddable":true,"href":"http:\/\/www.mbcrm-bamberg.de\/index.php?rest_route=\/wp\/v2\/users\/1"}],"replies":[{"embeddable":true,"href":"http:\/\/www.mbcrm-bamberg.de\/index.php?rest_route=%2Fwp%2Fv2%2Fcomments&post=25"}],"version-history":[{"count":7,"href":"http:\/\/www.mbcrm-bamberg.de\/index.php?rest_route=\/wp\/v2\/pages\/25\/revisions"}],"predecessor-version":[{"id":63,"href":"http:\/\/www.mbcrm-bamberg.de\/index.php?rest_route=\/wp\/v2\/pages\/25\/revisions\/63"}],"wp:attachment":[{"href":"http:\/\/www.mbcrm-bamberg.de\/index.php?rest_route=%2Fwp%2Fv2%2Fmedia&parent=25"}],"curies":[{"name":"wp","href":"https:\/\/api.w.org\/{rel}","templated":true}]}}